{"id":8414,"date":"2018-12-22T13:55:11","date_gmt":"2018-12-22T11:55:11","guid":{"rendered":"https:\/\/ruumik.ee\/muugitingimused\/"},"modified":"2023-02-19T09:02:43","modified_gmt":"2023-02-19T07:02:43","slug":"muugitingimused","status":"publish","type":"page","link":"https:\/\/ruumik.ee\/en\/muugitingimused\/","title":{"rendered":"Terms and conditions"},"content":{"rendered":"\n<p>Veebipoe RUUMIK.EE (edaspidi Veebipood) omanik on O\u00dc RUUMIK (registrikood 14621467)<\/p>\n\n<h1 class=\"wp-block-heading\">M\u00fc\u00fcgilepingu kehtivus, kauba- ja hinnainfo <\/h1>\n\n<p>M\u00fc\u00fcgitingimused kehtivad\nVeebipoest kaupade ostmisel. <\/p>\n\n<p>Veebipoes m\u00fc\u00fcdavate toodete\nhinnad on m\u00e4rgitud toodete juurde. Hinnale lisandub tasu kauba k\u00e4ttetoimetamise\neest.\u00a0 <\/p>\n\n<p>Kauba k\u00e4ttetoimetamise tasu\ns\u00f5ltub ostja asukohast ning k\u00e4ttetoimetamise viisist. K\u00e4ttetoimetamise tasu\nkuvatakse ostjale tellimuse vormistamisel. <\/p>\n\n<p>Teave kauba kohta on esitatud\nVeebipoes vahetult kauba juures. <\/p>\n\n<h1 class=\"wp-block-heading\">Tellimuse vormistamine <\/h1>\n\n<p>Kauba tellimiseks tuleb lisada\nsoovitud tooted ostukorvi. Tellimuse vormistamiseks tuleb t\u00e4ita n\u00f5utud\nandmev\u00e4ljad ning valida sobiv toodete kohaletoimetamise viis. Seej\u00e4rel\nkuvatakse ekraanile tasu suurus, mille saab tasuda pangalingi kaudu v\u00f5i muu\nmakselahenduse abil.\u00a0 <\/p>\n\n<p>Leping j\u00f5ustub alates tasumisele\nkuuluva summa laekumisest Veebipoe arvelduskontole.\u00a0 <\/p>\n\n<p>Kui tellitud kaupa ei ole\nv\u00f5imalik tarnida seoses kauba l\u00f5ppemisega v\u00f5i muul p\u00f5hjusel, teavitatakse\nsellest ostjat esimesel v\u00f5imalusel ning tagastatakse tasutud raha (sh kauba\nk\u00e4ttetoimetamise kulud) viivitamata, kuid mitte hiljem kui 14 p\u00e4eva jooksul\nteate saatmisest.\u00a0 <\/p>\n\n<h1 class=\"wp-block-heading\">Kohaletoimetamine <\/h1>\n\n<p>Kaupu saadetakse j\u00e4rgmistesse\nriikidesse: Eesti <\/p>\n\n<p>Kauba saatmiskulud kannab ostja\nning vastav hinnainfo on kuvatud saatmisviisi juures. <\/p>\n\n<p>Eestisisesed saadetised j\u00f5uavad \u00fcldjuhul ostja m\u00e4\u00e4ratud\nsihtpunkti 3-7 t\u00f6\u00f6p\u00e4eva jooksul alates m\u00fc\u00fcgilepingu j\u00f5ustumist. V\u00e4ljaspool\nEestis toimub kohaletoimetamine 10-30 kalendrip\u00e4eva jooksul. <\/p>\n\n<p>Erandlikel juhtumitel on \u00f5igus\nkaup kohale toimetada kuni 45 kalendrip\u00e4eva jooksul. <\/p>\n\n<h1 class=\"wp-block-heading\">Taganemis\u00f5igus <\/h1>\n\n<p>P\u00e4rast\ntellimuse k\u00e4ttesaamist on ostjal \u00f5igus e-poes s\u00f5lmitud lepingust taganeda 14\np\u00e4eva jooksul<\/p>\n\n<p>Taganemis\u00f5igus ei kohaldu, kui\nostjaks on juriidiline isik.\u00a0\u00a0 <\/p>\n\n<p>14-p\u00e4evase tagastamis\u00f5iguse\nkasutamiseks ei tohi tellitud kaupa kasutada muul viisil kui on vajalik kauba\nolemuses, omadustes ja toimimises veendumiseks viisil nagu see on lubatud kauba\ntestimiseks f\u00fc\u00fcsilises poes.\u00a0 <\/p>\n\n<p>Kui kaupa on kasutatud muuks\notstarbeks kui on vajalik kauba olemuses, omadustes ja toimimises veendumiseks\nv\u00f5i sellel on kasutamise v\u00f5i kulumise m\u00e4rke, on Veebipoel \u00f5igus alandada\ntagastatavat tasu vastavalt kauba v\u00e4\u00e4rtuse v\u00e4henemisele.\u00a0 <\/p>\n\n<p>Kauba tagastamiseks tuleb esitada kauba ostmisest taganemise avaldus, mille vormi leiab <em>siit: <a href=\"https:\/\/e-kaubanduseliit.ee\/wp-content\/uploads\/2019\/04\/JM_m41_lisa1.pdf\">taganemisavaldus<\/a><\/em><a href=\"http:\/\/e-kaubanduseliit.ee\/wp-content\/uploads\/2015\/01\/JM_m41_lisa1.pdf\"> <\/a>ning saata see e-posti aadressile info@ruumik.ee hiljemalt 14 p\u00e4eva jooksul kauba k\u00e4ttesaamisest. <\/p>\n\n<p>Kauba tagastamise kulud kannab\nostja, v\u00e4lja arvatud juhul, kui tagastamise p\u00f5hjus seisneb asjaolus, et\ntagastamisele kuuluv asi ei vasta tellitule (nt vale v\u00f5i defektiga asi). <\/p>\n\n<p>Ostja peab kauba tagastama\navalduse esitamisele j\u00e4rgneva 14 p\u00e4eva jooksul v\u00f5i esitama t\u00f5endi, et ta on\neelnimetatud perioodi jooksul kauba \u00fcle andnud kauba vedajale.\u00a0\u00a0 <\/p>\n\n<p>Veebipood tagastab tagastatava\nkauba k\u00e4ttesaamisel ostjale viivitamata, kuid mitte hiljem kui 14 p\u00e4eva\nm\u00f6\u00f6dumisel arvates taganemisavalduse saamisest, k\u00f5ik ostjalt lepingu alusel\nsaadud tasud. <\/p>\n\n<p>Veebipood v\u00f5ib keelduda\ntagasimaksete tegemisest seni, kuni on lepingu esemeks oleva asja tagasi saanud\nv\u00f5i kuni ostja on esitanud t\u00f5endid, et on asja tagasi saatnud, s\u00f5ltuvalt\nsellest, kumb toimub varem.\u00a0 <\/p>\n\n<p>Kui ostja on s\u00f5naselgelt valinud\nVeebipoe pakutud k\u00f5ige odavamast tavap\u00e4rasest asja k\u00e4ttetoimetamise viisist\nerineva k\u00e4ttetoimetamise viisi, ei pea Veebipood tarbijale tagastama kulu, mis\n\u00fcletab tavap\u00e4rase k\u00e4ttetoimetamise viisiga seotud kulu. <\/p>\n\n<p>Veebipoel on \u00f5igus taganeda\nm\u00fc\u00fcgitehingust ning n\u00f5uda ostjalt tagasi kaup, kui kauba hind veebipoes on\neksituse t\u00f5ttu m\u00e4rgitud oluliselt alla kauba turuhinna.\u00a0 <\/p>\n\n<h1 class=\"wp-block-heading\">Pretensiooni esitamise \u00f5igus <\/h1>\n\n<p>Veebipood\nvastutab ostjale m\u00fc\u00fcdud kauba lepingutingimustele mittevastavuse v\u00f5i puuduse\neest, mis oli olemas juba asja \u00fcleandmise hetkel ning mis ilmneb kuni kahe\naasta jooksul, alates kauba \u00fcleandmisest ostjale.\u00a0 ellest esimese kuue kuu jooksul asja\n\u00fcleandmisest ostjale eeldatakse, et puudus oli olemas juba asja \u00fcleandmise\najal. Vastava eelduse \u00fcmberl\u00fckkamine on Veebipoe kohustus. <\/p>\n\n<p>Ostjal on \u00f5igus puuduse ilmnemisel p\u00f6\u00f6rduda hiljemalt kahe kuu jooksul veebipoe poole, saates e-kirja aadressile info@ruumik.ee v\u00f5i helistada telefonil: +372 525 0201<\/p>\n\n<p>Veebipood ei vastuta puuduste\neest, mis on tekkinud p\u00e4rast kauba \u00fcleandmist ostjale. <\/p>\n\n<p>Kui Veebipoest ostetud kaubal on\npuudused, mille eest Veebipood vastutab, parandab v\u00f5i asendab Veebipood\npuudusega kauba. Kui kaupa ei ole v\u00f5imalik parandada ega asendada, tagastab\nVeebipood ostjale k\u00f5ik m\u00fc\u00fcgilepinguga kaasnenud tasud. <\/p>\n\n<p>Veebipood vastab tarbija esitatud\nkaebusele kirjalikult v\u00f5i kirjalikku taasesitamist v\u00f5imaldavas vormis 15 p\u00e4eva\njooksul. <\/p>\n\n<h1 class=\"wp-block-heading\">Otseturustus ja isikuandmete t\u00f6\u00f6tlemine\u00a0 <\/h1>\n\n<p>Veebipood kasutab ostja poolt\nsisestatud isikuandmeid (sh nimi, telefoninumber, aadress, e-maili aadress,\npangarekvisiidid) ainult tellimuse t\u00f6\u00f6tlemiseks ning kauba ostjale saatmiseks.\nVeebipood edastab isikuandmeid veoteenust pakkuvale ettev\u00f5tetele selleks, et\nkohale toimetada kaupa. <\/p>\n\n<p>Veebipood saadab ostjale\nuudiskirju ning pakkumisi ostja e-maili aadressile ainult juhul, kui ostja on\nselleks avaldanud soovi sisestades veebilehel e-kirja aadressi ning andnud\nteada oma soovist otsepostituse teadete saamiseks. <\/p>\n\n<p>Ostjal on igal ajal v\u00f5imalik loobuda e-postile saadetavatest pakkumistest ja uudiskirjadest andes sellest meile teada e-kirja teel v\u00f5i j\u00e4rgides pakkumisi sisaldava e-kirjas toodud juhiseid. <\/p>\n\n<h1 class=\"wp-block-heading\">Giftcard<\/h1>\n\n<p>Ruumik e-poe kinkekaart (edaspidi Kinkekaart) on maksevahend, millega on kliendil v\u00f5imalik tasuda oma ostude eest Ruumik O\u00dc veebikaupluses.<\/p>\n\n<p>Kinkekaarti ei saa vahetada rahaks ja sellega ei saa tasuda uue Kinkekaardi eest.<\/p>\n\n<p>Kinkekaardid on suurusega 25\u20ac v\u00f5i 50\u20ac<\/p>\n\n<p>Kinkekaarte on v\u00f5imalik osta kas f\u00fc\u00fcsilisel v\u00f5i digitaalsel kujul.<\/p>\n\n<p>Kinkekaart kehtib 12 kuud alates selle ostmisest. P\u00e4rast Kinkekaardi kehtivusaja l\u00f5ppemist suletakse maksev\u00f5imalus automaatselt ja Kinkekaardil olevat kasutamata summat enam kasutada ei saa. Samuti ei kuulu kasutamata summa mingil moel tagastamisele.<\/p>\n\n<p>Kinkekaarti saab kasutada maksevahendina Kinkekaardil oleva saldo ulatuses Kinkekaardi kehtivusaja l\u00f5puni. Kinkekaardi kehtivusaega ja saldot saab kontrollida <a href=\"https:\/\/ruumik.ee\/en\/check-gift-card-balance\/\">https:\/\/ruumik.ee\/saldo\/<\/a><\/p>\n\n<p>Digitaalne Kinkekaart aktiveeritakse peale tellimuse eest tasumist.<\/p>\n\n<p>F\u00fc\u00fcsiline Kinkekaart aktiveeritakse peale f\u00fc\u00fcsilise Kinkekaardi saatmist. F\u00fc\u00fcsiline Kinkekaart saadetakse Ostja poolt valitud transpordiviisiga Ostja poolt sisestatud kontaktandmeid kasutates.<\/p>\n\n<p>Digitaalsele Kinkekaardile saab valida kujundust ja lisada personaalse s\u00f5numi, mille sisu eest vastutab Kinkekaardi ostja.<\/p>\n\n<p>Ruumik O\u00dc ei vastuta Kinkekaardi kolmanda isiku k\u00e4tte sattumisega kaasnevate mistahes kahjude eest. Kolmandate isikute poolt kasutatud summa Kinkekaardi ostjale ega Kinkekaardi \u00f5igustatud kasutajale h\u00fcvitamisele ei kuulu.<\/p>\n\n<p>Kehtivad Kinkekaardiga seotud tingimused on n\u00e4htavad internetiaadressil www.ruumik.ee\/kinkekaart. Kinkekaardi m\u00fc\u00fcjal on \u00f5igus tingimusi muuta avaldades uued tingimused samal internetiaadressil.<\/p>\n\n<h1 class=\"wp-block-heading\">Vaidluste lahendamine <\/h1>\n\n<p>Kui ostjal on Veebipoe osas pretensioone, tuleb need saata e-kirja aadressile info@ruumik.ee v\u00f5i helistada telefonil: +372 525 0201<\/p>\n\n<p>Kui ostja ja Veebipood ei suuda\nlahenda vaidlust kokkuleppe teel, siis on ostjal v\u00f5imalik p\u00f6\u00f6rduda\nTarbijavaidluste komisjoni poole. Menetlustingimustega saab tutvuda ning\navaldust esitada <a href=\"http:\/\/www.komisjon.ee\/\">siin<\/a><a href=\"http:\/\/www.komisjon.ee\/\">.<\/a> Tarbijavaidluste komisjoni p\u00e4devuses on\nlahendada ostja ja Veebipoe vahel s\u00f5lmitud lepingust tulenevaid vaidlusi. Ostja\nkaebuse l\u00e4bivaatamine komisjonis on tasuta. <\/p>\n\n<p>Ostja v\u00f5ib p\u00f6\u00f6rduda Euroopa Liidu\ntarbijavaidlusi lahendava platvormi <a href=\"http:\/\/ec.europa.eu\/consumers\/odr\/\">poole<\/a><a href=\"http:\/\/ec.europa.eu\/consumers\/odr\/\">.<\/a> <\/p>\n","protected":false},"excerpt":{"rendered":"<p>Veebipoe RUUMIK.EE (edaspidi Veebipood) omanik on O\u00dc RUUMIK (registrikood 14621467) M\u00fc\u00fcgilepingu kehtivus, kauba- ja hinnainfo M\u00fc\u00fcgitingimused kehtivad Veebipoest kaupade ostmisel. Veebipoes m\u00fc\u00fcdavate toodete hinnad on m\u00e4rgitud toodete juurde. Hinnale lisandub tasu kauba k\u00e4ttetoimetamise eest.\u00a0 Kauba k\u00e4ttetoimetamise tasu s\u00f5ltub ostja asukohast ning k\u00e4ttetoimetamise viisist. K\u00e4ttetoimetamise tasu kuvatakse ostjale tellimuse vormistamisel. Teave kauba kohta on esitatud Veebipoes [&#8230;]\n","protected":false},"author":1,"featured_media":0,"parent":0,"menu_order":0,"comment_status":"closed","ping_status":"closed","template":"","meta":{"footnotes":""},"class_list":["post-8414","page","type-page","status-publish","hentry"],"yoast_head":"<!-- This site is optimized with the Yoast SEO plugin v27.4 - https:\/\/yoast.com\/product\/yoast-seo-wordpress\/ -->\n<title>Terms and conditions - RUUMIK<\/title>\n<meta name=\"robots\" content=\"index, follow, max-snippet:-1, max-image-preview:large, max-video-preview:-1\" \/>\n<link rel=\"canonical\" href=\"https:\/\/ruumik.ee\/en\/muugitingimused\/\" \/>\n<meta property=\"og:locale\" content=\"en_US\" \/>\n<meta property=\"og:type\" content=\"article\" \/>\n<meta property=\"og:title\" content=\"Terms and conditions - RUUMIK\" \/>\n<meta property=\"og:description\" content=\"Veebipoe RUUMIK.EE (edaspidi Veebipood) omanik on O\u00dc RUUMIK (registrikood 14621467) M\u00fc\u00fcgilepingu kehtivus, kauba- ja hinnainfo M\u00fc\u00fcgitingimused kehtivad Veebipoest kaupade ostmisel. Veebipoes m\u00fc\u00fcdavate toodete hinnad on m\u00e4rgitud toodete juurde. Hinnale lisandub tasu kauba k\u00e4ttetoimetamise eest.\u00a0 Kauba k\u00e4ttetoimetamise tasu s\u00f5ltub ostja asukohast ning k\u00e4ttetoimetamise viisist. K\u00e4ttetoimetamise tasu kuvatakse ostjale tellimuse vormistamisel. Teave kauba kohta on esitatud Veebipoes [...]\" \/>\n<meta property=\"og:url\" content=\"https:\/\/ruumik.ee\/en\/muugitingimused\/\" \/>\n<meta property=\"og:site_name\" content=\"RUUMIK\" \/>\n<meta property=\"article:publisher\" content=\"https:\/\/facebook.com\/ruumik\" \/>\n<meta property=\"article:modified_time\" content=\"2023-02-19T07:02:43+00:00\" \/>\n<meta name=\"twitter:card\" content=\"summary_large_image\" \/>\n<meta name=\"twitter:label1\" content=\"Est. reading time\" \/>\n\t<meta name=\"twitter:data1\" content=\"5 minutes\" \/>\n<script type=\"application\/ld+json\" class=\"yoast-schema-graph\">{\"@context\":\"https:\\\/\\\/schema.org\",\"@graph\":[{\"@type\":\"WebPage\",\"@id\":\"https:\\\/\\\/ruumik.ee\\\/en\\\/muugitingimused\\\/\",\"url\":\"https:\\\/\\\/ruumik.ee\\\/en\\\/muugitingimused\\\/\",\"name\":\"Terms and conditions - RUUMIK\",\"isPartOf\":{\"@id\":\"https:\\\/\\\/ruumik.ee\\\/en\\\/#website\"},\"datePublished\":\"2018-12-22T11:55:11+00:00\",\"dateModified\":\"2023-02-19T07:02:43+00:00\",\"breadcrumb\":{\"@id\":\"https:\\\/\\\/ruumik.ee\\\/en\\\/muugitingimused\\\/#breadcrumb\"},\"inLanguage\":\"en-US\",\"potentialAction\":[{\"@type\":\"ReadAction\",\"target\":[\"https:\\\/\\\/ruumik.ee\\\/en\\\/muugitingimused\\\/\"]}]},{\"@type\":\"BreadcrumbList\",\"@id\":\"https:\\\/\\\/ruumik.ee\\\/en\\\/muugitingimused\\\/#breadcrumb\",\"itemListElement\":[{\"@type\":\"ListItem\",\"position\":1,\"name\":\"Home\",\"item\":\"https:\\\/\\\/ruumik.ee\\\/en\\\/\"},{\"@type\":\"ListItem\",\"position\":2,\"name\":\"Terms and conditions\"}]},{\"@type\":\"WebSite\",\"@id\":\"https:\\\/\\\/ruumik.ee\\\/en\\\/#website\",\"url\":\"https:\\\/\\\/ruumik.ee\\\/en\\\/\",\"name\":\"RUUMIK\",\"description\":\"3D printerite materjalid otse Eesti laost!\",\"publisher\":{\"@id\":\"https:\\\/\\\/ruumik.ee\\\/en\\\/#organization\"},\"potentialAction\":[{\"@type\":\"SearchAction\",\"target\":{\"@type\":\"EntryPoint\",\"urlTemplate\":\"https:\\\/\\\/ruumik.ee\\\/en\\\/?s={search_term_string}\"},\"query-input\":{\"@type\":\"PropertyValueSpecification\",\"valueRequired\":true,\"valueName\":\"search_term_string\"}}],\"inLanguage\":\"en-US\"},{\"@type\":\"Organization\",\"@id\":\"https:\\\/\\\/ruumik.ee\\\/en\\\/#organization\",\"name\":\"RUUMIK\",\"url\":\"https:\\\/\\\/ruumik.ee\\\/en\\\/\",\"logo\":{\"@type\":\"ImageObject\",\"inLanguage\":\"en-US\",\"@id\":\"https:\\\/\\\/ruumik.ee\\\/en\\\/#\\\/schema\\\/logo\\\/image\\\/\",\"url\":\"https:\\\/\\\/ruumik.ee\\\/wp-content\\\/uploads\\\/2019\\\/01\\\/Ruumik-7-2.png\",\"contentUrl\":\"https:\\\/\\\/ruumik.ee\\\/wp-content\\\/uploads\\\/2019\\\/01\\\/Ruumik-7-2.png\",\"width\":1920,\"height\":580,\"caption\":\"RUUMIK\"},\"image\":{\"@id\":\"https:\\\/\\\/ruumik.ee\\\/en\\\/#\\\/schema\\\/logo\\\/image\\\/\"},\"sameAs\":[\"https:\\\/\\\/facebook.com\\\/ruumik\"]}]}<\/script>\n<!-- \/ Yoast SEO plugin. -->","yoast_head_json":{"title":"Terms and conditions - RUUMIK","robots":{"index":"index","follow":"follow","max-snippet":"max-snippet:-1","max-image-preview":"max-image-preview:large","max-video-preview":"max-video-preview:-1"},"canonical":"https:\/\/ruumik.ee\/en\/muugitingimused\/","og_locale":"en_US","og_type":"article","og_title":"Terms and conditions - RUUMIK","og_description":"Veebipoe RUUMIK.EE (edaspidi Veebipood) omanik on O\u00dc RUUMIK (registrikood 14621467) M\u00fc\u00fcgilepingu kehtivus, kauba- ja hinnainfo M\u00fc\u00fcgitingimused kehtivad Veebipoest kaupade ostmisel. Veebipoes m\u00fc\u00fcdavate toodete hinnad on m\u00e4rgitud toodete juurde. Hinnale lisandub tasu kauba k\u00e4ttetoimetamise eest.\u00a0 Kauba k\u00e4ttetoimetamise tasu s\u00f5ltub ostja asukohast ning k\u00e4ttetoimetamise viisist. K\u00e4ttetoimetamise tasu kuvatakse ostjale tellimuse vormistamisel. Teave kauba kohta on esitatud Veebipoes [...]","og_url":"https:\/\/ruumik.ee\/en\/muugitingimused\/","og_site_name":"RUUMIK","article_publisher":"https:\/\/facebook.com\/ruumik","article_modified_time":"2023-02-19T07:02:43+00:00","twitter_card":"summary_large_image","twitter_misc":{"Est. reading time":"5 minutes"},"schema":{"@context":"https:\/\/schema.org","@graph":[{"@type":"WebPage","@id":"https:\/\/ruumik.ee\/en\/muugitingimused\/","url":"https:\/\/ruumik.ee\/en\/muugitingimused\/","name":"Terms and conditions - RUUMIK","isPartOf":{"@id":"https:\/\/ruumik.ee\/en\/#website"},"datePublished":"2018-12-22T11:55:11+00:00","dateModified":"2023-02-19T07:02:43+00:00","breadcrumb":{"@id":"https:\/\/ruumik.ee\/en\/muugitingimused\/#breadcrumb"},"inLanguage":"en-US","potentialAction":[{"@type":"ReadAction","target":["https:\/\/ruumik.ee\/en\/muugitingimused\/"]}]},{"@type":"BreadcrumbList","@id":"https:\/\/ruumik.ee\/en\/muugitingimused\/#breadcrumb","itemListElement":[{"@type":"ListItem","position":1,"name":"Home","item":"https:\/\/ruumik.ee\/en\/"},{"@type":"ListItem","position":2,"name":"Terms and conditions"}]},{"@type":"WebSite","@id":"https:\/\/ruumik.ee\/en\/#website","url":"https:\/\/ruumik.ee\/en\/","name":"RUUMIK","description":"3D printerite materjalid otse Eesti laost!","publisher":{"@id":"https:\/\/ruumik.ee\/en\/#organization"},"potentialAction":[{"@type":"SearchAction","target":{"@type":"EntryPoint","urlTemplate":"https:\/\/ruumik.ee\/en\/?s={search_term_string}"},"query-input":{"@type":"PropertyValueSpecification","valueRequired":true,"valueName":"search_term_string"}}],"inLanguage":"en-US"},{"@type":"Organization","@id":"https:\/\/ruumik.ee\/en\/#organization","name":"RUUMIK","url":"https:\/\/ruumik.ee\/en\/","logo":{"@type":"ImageObject","inLanguage":"en-US","@id":"https:\/\/ruumik.ee\/en\/#\/schema\/logo\/image\/","url":"https:\/\/ruumik.ee\/wp-content\/uploads\/2019\/01\/Ruumik-7-2.png","contentUrl":"https:\/\/ruumik.ee\/wp-content\/uploads\/2019\/01\/Ruumik-7-2.png","width":1920,"height":580,"caption":"RUUMIK"},"image":{"@id":"https:\/\/ruumik.ee\/en\/#\/schema\/logo\/image\/"},"sameAs":["https:\/\/facebook.com\/ruumik"]}]}},"jetpack_sharing_enabled":false,"_links":{"self":[{"href":"https:\/\/ruumik.ee\/en\/wp-json\/wp\/v2\/pages\/8414","targetHints":{"allow":["GET"]}}],"collection":[{"href":"https:\/\/ruumik.ee\/en\/wp-json\/wp\/v2\/pages"}],"about":[{"href":"https:\/\/ruumik.ee\/en\/wp-json\/wp\/v2\/types\/page"}],"author":[{"embeddable":true,"href":"https:\/\/ruumik.ee\/en\/wp-json\/wp\/v2\/users\/1"}],"replies":[{"embeddable":true,"href":"https:\/\/ruumik.ee\/en\/wp-json\/wp\/v2\/comments?post=8414"}],"version-history":[{"count":2,"href":"https:\/\/ruumik.ee\/en\/wp-json\/wp\/v2\/pages\/8414\/revisions"}],"predecessor-version":[{"id":11032,"href":"https:\/\/ruumik.ee\/en\/wp-json\/wp\/v2\/pages\/8414\/revisions\/11032"}],"wp:attachment":[{"href":"https:\/\/ruumik.ee\/en\/wp-json\/wp\/v2\/media?parent=8414"}],"curies":[{"name":"wp","href":"https:\/\/api.w.org\/{rel}","templated":true}]}}